{"id":121,"date":"2024-11-15T13:23:53","date_gmt":"2024-11-15T13:23:53","guid":{"rendered":"https:\/\/villamutibussi.com\/?page_id=121"},"modified":"2025-01-02T21:26:55","modified_gmt":"2025-01-02T21:26:55","slug":"histoire","status":"publish","type":"page","link":"https:\/\/villamutibussi.com\/fr\/histoire\/","title":{"rendered":"Histoire"},"content":{"rendered":"<div data-elementor-type=\"wp-page\" data-elementor-id=\"121\" class=\"elementor elementor-121\" data-elementor-post-type=\"page\">\n\t\t\t\t<div class=\"elementor-element elementor-element-2507065 e-con-full section e-flex e-con e-parent\" data-id=\"2507065\" data-element_type=\"container\" data-e-type=\"container\" data-settings=\"{&quot;background_background&quot;:&quot;classic&quot;}\">\n\t\t<div class=\"elementor-element elementor-element-eab6449 e-flex e-con-boxed e-con e-child\" data-id=\"eab6449\" data-element_type=\"container\" data-e-type=\"container\">\n\t\t\t\t\t<div class=\"e-con-inner\">\n\t\t\t\t<div class=\"elementor-element elementor-element-df659cd elementor-widget elementor-widget-heading\" data-id=\"df659cd\" data-element_type=\"widget\" data-e-type=\"widget\" data-settings=\"{&quot;_animation&quot;:&quot;none&quot;}\" data-widget_type=\"heading.default\">\n\t\t\t\t<div class=\"elementor-widget-container\">\n\t\t\t\t\t<h1 class=\"elementor-heading-title elementor-size-default\">L\u2019Histoire de<br>Villa Muti Bussi<\/h1>\t\t\t\t<\/div>\n\t\t\t\t<\/div>\n\t\t\t\t<div class=\"elementor-element elementor-element-0b056a4 elementor-widget__width-initial elementor-widget elementor-widget-text-editor\" data-id=\"0b056a4\" data-element_type=\"widget\" data-e-type=\"widget\" data-widget_type=\"text-editor.default\">\n\t\t\t\t<div class=\"elementor-widget-container\">\n\t\t\t\t\t\t\t\t\t<p>Un voyage dans le temps \u00e0 travers des si\u00e8cles de noblesse, d'art et de prestige: le cadre parfait pour votre \u00e9v\u00e9nement inoubliable.<\/p>\t\t\t\t\t\t\t\t<\/div>\n\t\t\t\t<\/div>\n\t\t\t\t\t<\/div>\n\t\t\t\t<\/div>\n\t\t\t\t<\/div>\n\t\t<div class=\"elementor-element elementor-element-ad2f6d3 e-con-full section e-flex e-con e-parent\" data-id=\"ad2f6d3\" data-element_type=\"container\" data-e-type=\"container\" data-settings=\"{&quot;background_background&quot;:&quot;classic&quot;}\">\n\t\t<div class=\"elementor-element elementor-element-9ba3290 e-flex e-con-boxed e-con e-child\" data-id=\"9ba3290\" data-element_type=\"container\" data-e-type=\"container\">\n\t\t\t\t\t<div class=\"e-con-inner\">\n\t\t\t\t<div class=\"elementor-element elementor-element-439e79c elementor-arrows-position-inside elementor-widget elementor-widget-image-carousel\" data-id=\"439e79c\" data-element_type=\"widget\" data-e-type=\"widget\" data-settings=\"{&quot;slides_to_show&quot;:&quot;1&quot;,&quot;navigation&quot;:&quot;arrows&quot;,&quot;effect&quot;:&quot;slide&quot;,&quot;speed&quot;:500}\" data-widget_type=\"image-carousel.default\">\n\t\t\t\t<div class=\"elementor-widget-container\">\n\t\t\t\t\t\t\t<div class=\"elementor-image-carousel-wrapper swiper\" role=\"region\" aria-roledescription=\"carousel\" aria-label=\"Carosello d&#039;immagini\" dir=\"ltr\">\n\t\t\t<div class=\"elementor-image-carousel swiper-wrapper\" aria-live=\"polite\">\n\t\t\t\t\t\t\t\t<div class=\"swiper-slide\" role=\"group\" aria-roledescription=\"slide\" aria-label=\"1 di 2\"><a data-elementor-open-lightbox=\"yes\" data-elementor-lightbox-slideshow=\"439e79c\" data-elementor-lightbox-title=\"affreschi-villa-storica-viterbo\" data-e-action-hash=\"#elementor-action%3Aaction%3Dlightbox%26settings%3DeyJpZCI6MTI1NCwidXJsIjoiaHR0cHM6XC9cL3ZpbGxhbXV0aWJ1c3NpLmNvbVwvd3AtY29udGVudFwvdXBsb2Fkc1wvYWZmcmVzY2hpLXZpbGxhLXN0b3JpY2Etdml0ZXJiby53ZWJwIiwic2xpZGVzaG93IjoiNDM5ZTc5YyJ9\" href=\"https:\/\/villamutibussi.com\/wp-content\/uploads\/affreschi-villa-storica-viterbo.webp\"><figure class=\"swiper-slide-inner\"><img decoding=\"async\" class=\"swiper-slide-image\" src=\"https:\/\/villamutibussi.com\/wp-content\/uploads\/affreschi-villa-storica-viterbo.webp\" alt=\"La Galleria del Giardino\" \/><\/figure><\/a><\/div><div class=\"swiper-slide\" role=\"group\" aria-roledescription=\"slide\" aria-label=\"2 di 2\"><a data-elementor-open-lightbox=\"yes\" data-elementor-lightbox-slideshow=\"439e79c\" data-elementor-lightbox-title=\"fotocorretta\" data-e-action-hash=\"#elementor-action%3Aaction%3Dlightbox%26settings%3DeyJpZCI6MTYxNiwidXJsIjoiaHR0cHM6XC9cL3ZpbGxhbXV0aWJ1c3NpLmNvbVwvd3AtY29udGVudFwvdXBsb2Fkc1wvZm90b2NvcnJldHRhLXNjYWxlZC5qcGciLCJzbGlkZXNob3ciOiI0MzllNzljIn0%3D\" href=\"https:\/\/villamutibussi.com\/wp-content\/uploads\/fotocorretta-scaled.jpg\"><figure class=\"swiper-slide-inner\"><img decoding=\"async\" class=\"swiper-slide-image\" src=\"https:\/\/villamutibussi.com\/wp-content\/uploads\/fotocorretta-scaled.jpg\" alt=\"fotocorretta\" \/><\/figure><\/a><\/div>\t\t\t<\/div>\n\t\t\t\t\t\t\t\t\t\t\t\t<div class=\"elementor-swiper-button elementor-swiper-button-prev\" role=\"button\" tabindex=\"0\">\n\t\t\t\t\t\t<svg aria-hidden=\"true\" class=\"e-font-icon-svg e-eicon-chevron-left\" viewbox=\"0 0 1000 1000\" xmlns=\"http:\/\/www.w3.org\/2000\/svg\"><path d=\"M646 125C629 125 613 133 604 142L308 442C296 454 292 471 292 487 292 504 296 521 308 533L604 854C617 867 629 875 646 875 663 875 679 871 692 858 704 846 713 829 713 812 713 796 708 779 692 767L438 487 692 225C700 217 708 204 708 187 708 171 704 154 692 142 675 129 663 125 646 125Z\"><\/path><\/svg>\t\t\t\t\t<\/div>\n\t\t\t\t\t<div class=\"elementor-swiper-button elementor-swiper-button-next\" role=\"button\" tabindex=\"0\">\n\t\t\t\t\t\t<svg aria-hidden=\"true\" class=\"e-font-icon-svg e-eicon-chevron-right\" viewbox=\"0 0 1000 1000\" xmlns=\"http:\/\/www.w3.org\/2000\/svg\"><path d=\"M696 533C708 521 713 504 713 487 713 471 708 454 696 446L400 146C388 133 375 125 354 125 338 125 325 129 313 142 300 154 292 171 292 187 292 204 296 221 308 233L563 492 304 771C292 783 288 800 288 817 288 833 296 850 308 863 321 871 338 875 354 875 371 875 388 867 400 854L696 533Z\"><\/path><\/svg>\t\t\t\t\t<\/div>\n\t\t\t\t\n\t\t\t\t\t\t\t\t\t<\/div>\n\t\t\t\t\t\t<\/div>\n\t\t\t\t<\/div>\n\t\t\t\t\t<\/div>\n\t\t\t\t<\/div>\n\t\t\t\t<\/div>\n\t\t<div class=\"elementor-element elementor-element-285892d e-con-full section e-flex e-con e-parent\" data-id=\"285892d\" data-element_type=\"container\" data-e-type=\"container\">\n\t\t<div class=\"elementor-element elementor-element-fdeb1f3 e-flex e-con-boxed e-con e-child\" data-id=\"fdeb1f3\" data-element_type=\"container\" data-e-type=\"container\">\n\t\t\t\t\t<div class=\"e-con-inner\">\n\t\t\t\t<div class=\"elementor-element elementor-element-3b6d823 elementor-widget elementor-widget-text-editor\" data-id=\"3b6d823\" data-element_type=\"widget\" data-e-type=\"widget\" data-widget_type=\"text-editor.default\">\n\t\t\t\t<div class=\"elementor-widget-container\">\n\t\t\t\t\t\t\t\t\t<p>La Villa Bussi de Viterbe, \u00e9galement connue sous le nom de Casino Bussi, doit son nom \u00e0 sa fonction originelle de r\u00e9sidence de chasse. La structure actuelle fut construite en 1737 par l'architecte Giuseppe Prada sur un b\u00e2timent pr\u00e9existant, probablement datant du XVIe si\u00e8cle, situ\u00e9 dans le domaine de Bel Sasso ou Bel Poggio.<br \/><br \/>Les Bussi \u00e9taient une famille de Viterbe d'anciennes origines, active depuis le XIIIe si\u00e8cle. Initialement impliqu\u00e9s dans l'industrie et le commerce, ils s'enrichirent rapidement, acqu\u00e9rant des positions de premier plan dans les affaires locales et au sein de l'\u00c9glise, certains membres devenant eccl\u00e9siastiques et condotti\u00e8res.<br \/><br \/>Outre le commerce du cuivre, les Bussi se lanc\u00e8rent rapidement dans le commerce de tissus, ainsi que dans les activit\u00e9s de change et la gestion de pharmacies. Leur pr\u00e9sence \u00e0 Viterbe et \u00e0 Corneto (l'actuelle Tarquinia) sugg\u00e8re qu'ils g\u00e9raient des \u00e9changes commerciaux entre le port de Corneto et Viterbe, probablement \u00e9galement avec des \u00e9pices. Cette accumulation de richesses leur conf\u00e9ra un prestige social accru, avec Luca Bussi, pharmacien, devenu priore de la Commune de Viterbe en 1403.<br \/><br \/>Au fil des g\u00e9n\u00e9rations, d'autres membres de la famille se distingu\u00e8rent par leurs r\u00f4les administratifs et financiers. Petruccio Bussi fut le factotum du comte Everso dell'Anguillara, tandis que son fr\u00e8re Domenico succ\u00e9da dans la gestion de la pharmacie et fut tr\u00e9sorier de la province du Patrimoine, pr\u00eatant de grandes sommes d'argent \u00e0 Ranuccio Farnese. Un autre membre de la famille, Luciano Bussi, obtint en 1458 le contr\u00f4le douanier des exportations du Patrimoine pontifical.<br \/><br \/>Au cours des si\u00e8cles suivants, la famille Bussi donna naissance \u00e0 des figures comme les Chevaliers de Malte Papirio et Anton Domenico. Le premier fut commandant d'une gal\u00e8re pontificale et se distingua dans les batailles contre les pirates entre Civitavecchia et Ponza, tandis que le second fut un h\u00e9ros d\u00e9fenseur de Candie et commandant de la marine pontificale. La villa est indissociablement li\u00e9e \u00e0 la m\u00e9moire de la famille, comme en t\u00e9moignent les fresques de la Galerie du premier \u00e9tage, command\u00e9es par le Commandeur Papirio, qui repr\u00e9sentent leurs conqu\u00eates militaires.<\/p><p>\u00a0<\/p><p>Enfin, c'est \u00e0 Pier Francesco Bussi, dit Giovanni Battista, nomm\u00e9 cardinal par Beno\u00eet XIV en 1759, que l'on doit la construction de la chapelle tard-baroque de la villa, situ\u00e9e au rez-de-chauss\u00e9e sur le c\u00f4t\u00e9 droit.<\/p>\t\t\t\t\t\t\t\t<\/div>\n\t\t\t\t<\/div>\n\t\t<div class=\"elementor-element elementor-element-1658c5b e-con-full e-flex e-con e-child\" data-id=\"1658c5b\" data-element_type=\"container\" data-e-type=\"container\" data-settings=\"{&quot;background_background&quot;:&quot;classic&quot;}\">\n\t\t\t\t<div class=\"elementor-element elementor-element-f10eb1f elementor-widget__width-initial elementor-widget elementor-widget-text-editor\" data-id=\"f10eb1f\" data-element_type=\"widget\" data-e-type=\"widget\" data-widget_type=\"text-editor.default\">\n\t\t\t\t<div class=\"elementor-widget-container\">\n\t\t\t\t\t\t\t\t\t<p>Participez \u00e0 l'histoire de Villa Muti Bussi<\/p>\t\t\t\t\t\t\t\t<\/div>\n\t\t\t\t<\/div>\n\t\t\t\t<div class=\"elementor-element elementor-element-a7d206f elementor-widget__width-initial elementor-widget elementor-widget-button\" data-id=\"a7d206f\" data-element_type=\"widget\" data-e-type=\"widget\" data-widget_type=\"button.default\">\n\t\t\t\t<div class=\"elementor-widget-container\">\n\t\t\t\t\t\t\t\t\t<div class=\"elementor-button-wrapper\">\n\t\t\t\t\t<a class=\"elementor-button elementor-button-link elementor-size-sm\" href=\"https:\/\/villamutibussi.com\/fr\/contacts\/\">\n\t\t\t\t\t\t<span class=\"elementor-button-content-wrapper\">\n\t\t\t\t\t\t\t\t\t<span class=\"elementor-button-text\">R\u00e9servez votre visite<\/span>\n\t\t\t\t\t<\/span>\n\t\t\t\t\t<\/a>\n\t\t\t\t<\/div>\n\t\t\t\t\t\t\t\t<\/div>\n\t\t\t\t<\/div>\n\t\t\t\t<\/div>\n\t\t\t\t\t<\/div>\n\t\t\t\t<\/div>\n\t\t\t\t<\/div>\n\t\t\t\t<\/div>","protected":false},"excerpt":{"rendered":"<p>La Storia diVilla Muti Bussi Un viaggio nel tempo attraverso secoli di nobilt\u00e0, arte e prestigio: la cornice perfetta per il vostro evento indimenticabile La Villa Bussi di Viterbo, conosciuta anche come Casino Bussi, deve il suo nome alla sua originaria funzione di residenza venatoria. L&#8217;attuale struttura fu costruita nel 1737 dall&#8217;architetto Giuseppe Prada su [&hellip;]<\/p>\n","protected":false},"author":2,"featured_media":0,"parent":0,"menu_order":0,"comment_status":"closed","ping_status":"closed","template":"","meta":{"slim_seo":{"description":"Scopri la Storia di Villa Muti Bussi. Un viaggio nel tempo attraverso secoli di nobilt\u00e0, arte e prestigio. La cornice perfetta per il tuo evento indimenticabile.","title":"La Storia - Villa Muti Bussi"},"footnotes":""},"class_list":["post-121","page","type-page","status-publish","hentry"],"_links":{"self":[{"href":"https:\/\/villamutibussi.com\/fr\/wp-json\/wp\/v2\/pages\/121","targetHints":{"allow":["GET"]}}],"collection":[{"href":"https:\/\/villamutibussi.com\/fr\/wp-json\/wp\/v2\/pages"}],"about":[{"href":"https:\/\/villamutibussi.com\/fr\/wp-json\/wp\/v2\/types\/page"}],"author":[{"embeddable":true,"href":"https:\/\/villamutibussi.com\/fr\/wp-json\/wp\/v2\/users\/2"}],"replies":[{"embeddable":true,"href":"https:\/\/villamutibussi.com\/fr\/wp-json\/wp\/v2\/comments?post=121"}],"version-history":[{"count":30,"href":"https:\/\/villamutibussi.com\/fr\/wp-json\/wp\/v2\/pages\/121\/revisions"}],"predecessor-version":[{"id":2084,"href":"https:\/\/villamutibussi.com\/fr\/wp-json\/wp\/v2\/pages\/121\/revisions\/2084"}],"wp:attachment":[{"href":"https:\/\/villamutibussi.com\/fr\/wp-json\/wp\/v2\/media?parent=121"}],"curies":[{"name":"wp","href":"https:\/\/api.w.org\/{rel}","templated":true}]}}