{"id":136,"date":"2024-11-15T13:41:38","date_gmt":"2024-11-15T13:41:38","guid":{"rendered":"https:\/\/villamutibussi.com\/?page_id=136"},"modified":"2024-12-04T10:48:46","modified_gmt":"2024-12-04T10:48:46","slug":"terms","status":"publish","type":"page","link":"https:\/\/villamutibussi.com\/en\/terms\/","title":{"rendered":"Terms &amp; Conditions"},"content":{"rendered":"<div data-elementor-type=\"wp-page\" data-elementor-id=\"136\" class=\"elementor elementor-136\" data-elementor-post-type=\"page\">\n\t\t\t\t<div class=\"elementor-element elementor-element-c75ca40 e-con-full section e-flex e-con e-parent\" data-id=\"c75ca40\" data-element_type=\"container\" data-e-type=\"container\">\n\t\t<div class=\"elementor-element elementor-element-640e163 e-flex e-con-boxed e-con e-child\" data-id=\"640e163\" data-element_type=\"container\" data-e-type=\"container\">\n\t\t\t\t\t<div class=\"e-con-inner\">\n\t\t\t\t<div class=\"elementor-element elementor-element-81c08a4 elementor-widget elementor-widget-heading\" data-id=\"81c08a4\" data-element_type=\"widget\" data-e-type=\"widget\" data-widget_type=\"heading.default\">\n\t\t\t\t<div class=\"elementor-widget-container\">\n\t\t\t\t\t<h1 class=\"elementor-heading-title elementor-size-default\">Terms &amp; Conditions<\/h1>\t\t\t\t<\/div>\n\t\t\t\t<\/div>\n\t\t\t\t\t<\/div>\n\t\t\t\t<\/div>\n\t\t\t\t<\/div>\n\t\t<div class=\"elementor-element elementor-element-265641b e-con-full section e-flex e-con e-parent\" data-id=\"265641b\" data-element_type=\"container\" data-e-type=\"container\">\n\t\t<div class=\"elementor-element elementor-element-d53d071 e-flex e-con-boxed e-con e-child\" data-id=\"d53d071\" data-element_type=\"container\" data-e-type=\"container\">\n\t\t\t\t\t<div class=\"e-con-inner\">\n\t\t\t\t<div class=\"elementor-element elementor-element-755e8b0 elementor-widget elementor-widget-text-editor\" data-id=\"755e8b0\" data-element_type=\"widget\" data-e-type=\"widget\" data-widget_type=\"text-editor.default\">\n\t\t\t\t<div class=\"elementor-widget-container\">\n\t\t\t\t\t\t\t\t\t<h2>Panoramica<\/h2><p>Questo sito web \u00e8 gestito da Bel Poggio 2017 srl. I termini \u201cnoi\u201d e \u201cnostro\u201d all&#8217;interno del sito si riferiscono a Bel Poggio 2017 srl. Noi ti offriamo questo sito web con tutte le informazioni, gli strumenti e i servizi in esso disponibili a condizione che tu, in qualit\u00e0 di utente, accetti tutti i termini, le condizioni, le informative e le avvertenze qui riportate.<\/p><p>Visitando il nostro sito e\/o acquistando qualcosa da noi, usufruisci del nostro \u201cServizio\u201d e accetti di essere vincolato dai seguenti termini e condizioni (\u201cTermini e condizioni del servizio\u201d, \u201cTermini\u201d), che includono i termini, le condizioni e le informative aggiuntive citate nel presente documento e\/o disponibili tramite collegamento ipertestuale. I presenti Termini e condizioni del servizio si applicano a tutti gli utenti del sito, compresi a titolo esemplificativo e non esaustivo visitatori, fornitori, clienti, commercianti e\/o autori di commenti e altri contenuti.<\/p><p>Leggi con attenzione questi Termini e condizioni del servizio prima di accedere o utilizzare il nostro sito web. Accedendo o utilizzando qualsiasi parte del sito, accetti di essere vincolato dai presenti Termini e condizioni del servizio. Se non accetti integralmente i termini e le condizioni del presente accordo, non puoi accedere al sito web n\u00e9 utilizzare i suoi servizi. Se i presenti Termini e condizioni del servizio vengono considerati una proposta, l&#8217;accettazione \u00e8 espressamente limitata ai Termini stessi.<\/p><p>Eventuali nuove funzionalit\u00e0 e strumenti aggiunti all&#8217;attuale sito web saranno anch&#8217;essi soggetti ai Termini e condizioni del servizio. Puoi consultare la versione pi\u00f9 recente dei Termini e condizioni del servizio in qualsiasi momento su questa pagina. Ci riserviamo il diritto di aggiornare, modificare o sostituire qualsiasi parte dei Termini e condizioni del servizio pubblicando aggiornamenti e\/o modifiche sul nostro sito web. \u00c8 tua responsabilit\u00e0 controllare periodicamente questa pagina per vedere se sono presenti delle modifiche. La prosecuzione dell&#8217;utilizzo o dell&#8217;accesso al sito web dopo la pubblicazione di eventuali modifiche equivale all&#8217;accettazione di tali modifiche.<\/p><h2>Sezione 1 &#8211; Termini e Condizioni del sito web<\/h2><p>Accettando i presenti Termini e condizioni del servizio, dichiari di avere almeno la maggiore et\u00e0 nel tuo stato o provincia di residenza, o che hai la maggiore et\u00e0 nel tuo stato o provincia di residenza e ci hai autorizzato a consentire a qualsiasi minore sotto la tua responsabilit\u00e0 di utilizzare questo sito.<\/p><p>Non ti \u00e8 consentito diffondere worm, virus o altri tipi di codice dannoso.<\/p><p>La violazione di una qualsiasi disposizione dei Termini comporter\u00e0 l&#8217;immediata cessazione del tuo diritto a usare i Servizi.<\/p><h2>Sezione 2 &#8211; Condizioni Generali<\/h2><p>Ci riserviamo il diritto di negare il servizio a chiunque, per qualsiasi motivo e in qualsiasi momento.<\/p><p>Accetti di non riprodurre, duplicare, copiare, vendere, rivendere o sfruttare alcuna parte del Servizio, n\u00e9 l&#8217;uso del Servizio, l&#8217;accesso al Servizio o qualsiasi contatto sul sito web attraverso il quale il servizio \u00e8 fornito senza espressa autorizzazione scritta da parte nostra.<\/p><p>I titoli utilizzati nel presente accordo sono inclusi solo per comodit\u00e0 e non limiteranno n\u00e9 influenzeranno in alcun modo i presenti Termini.<\/p><h2>Sezione 3 &#8211; Precisione, completezza e tempestivit\u00e0 delle informazioni<\/h2><p>Non saremo responsabili nel caso in cui le informazioni rese disponibili su questo sito non dovessero risultare accurate, complete o aggiornate. I materiali su questo sito sono da intendersi come puramente indicativi e non dovranno essere presi a riferimento o utilizzati come unica base per prendere decisioni senza consultare fonti di informazione pi\u00f9 autorevoli, accurate, complete o aggiornate. Facendo affidamento sulle informazioni di questo sito te ne assumi il rischio.<\/p><p>Questo sito pu\u00f2 contenere alcune informazioni di carattere storico. Le informazioni storiche, necessariamente, non sono attuali e sono fornite solo come riferimento. Ci riserviamo il diritto di modificare i contenuti di questo sito in qualsiasi momento, ma non siamo soggetti all&#8217;obbligo di aggiornare alcuna informazione sul nostro sito. Accetti che \u00e8 tua responsabilit\u00e0 monitorare le modifiche al nostro sito.<\/p><h2>Sezione 4 &#8211; Strumenti opzionali<\/h2><p>Potremo fornirti l&#8217;accesso a strumenti di terze parti che non monitoriamo e sui quali non abbiamo alcuna forma di controllo o gestione.<\/p><p>Riconosci e accetti che forniamo l&#8217;accesso a tali strumenti \u201dcos\u00ec come sono\u201d e \u201dcome disponibili\u201d, senza alcun tipo di garanzia, dichiarazione, condizione o avallo. Non avremo alcuna responsabilit\u00e0 derivante da o relativa al tuo utilizzo di strumenti opzionali di terze parti.<\/p><p>Qualsiasi utilizzo da parte tua degli strumenti opzionali offerti attraverso il sito avverr\u00e0 interamente a tuo rischio e discrezione. Star\u00e0 a te assicurarti di conoscere e approvare i termini e le condizioni a cui sono soggetti gli strumenti di terze parti.<\/p><p>In futuro potremo anche offrire nuovi servizi e\/o funzionalit\u00e0 attraverso il sito web (ad esempio, introducendo nuovi strumenti e risorse). Anche tali nuove funzionalit\u00e0 e\/o servizi saranno soggetti ai presenti Termini e condizioni del servizio.<\/p><h2>Sezione 5 &#8211; Link di terze parti<\/h2><p>Alcuni contenuti disponibili tramite il nostro Servizio possono includere materiali di terze parti.<\/p><p>I link di terze parti su questo sito potranno indirizzarti a siti web esterni, che non sono affiliati con noi. Noi non siamo responsabili di esaminare o valutare i contenuti o l&#8217;esattezza di tali siti web. E non forniamo alcuna garanzia n\u00e9 abbiamo alcuna responsabilit\u00e0 per materiali o siti web di terze parti n\u00e9 per altri materiali, prodotti o servizi di terze parti.<\/p><p>Non risponderemo di eventuali danni connessi all&#8217;acquisto o all&#8217;utilizzo di beni, servizi, risorse, contenuti o a qualsiasi altra transazione effettuata attraverso siti web di terze parti. Esamina attentamente le policy e le procedure di terze parti e assicurati di averle comprese prima di effettuare qualsiasi transazione. Reclami, richieste, dubbi e domande sui prodotti di terze parti dovranno essere indirizzati ai terzi interessati.<\/p><h2>Sezione 6 &#8211; Commenti, feedback e altri materiali inviati<\/h2><p>Se ci invii online, via email, tramite posta ordinaria o in altro modo determinati materiali (congiuntamente denominati \u201ccommenti\u201d) \u2014 ad esempio, su nostra richiesta, contributi per la partecipazione a concorsi, oppure senza una nostra richiesta, idee creative, suggerimenti, proposte, piani o altri materiali \u2014 accetti che possiamo in qualsiasi momento e senza limitazioni modificare, copiare, pubblicare, distribuire, tradurre o utilizzare in qualsiasi altro modo e con qualsiasi mezzo i commenti che ci trasmetti. Non abbiamo e non avremo alcun obbligo di (1) mantenere riservati i commenti; (2) pagare compensi per i commenti; o (3) rispondere ai commenti.<\/p><p>Potremo (senza avere alcun obbligo al riguardo) monitorare, modificare e rimuovere contenuti che dovessimo a nostra esclusiva discrezione ritenere illeciti, offensivi, minacciosi, calunniosi, diffamatori, pornografici, osceni o altrimenti discutibili, o contenuti che violino la propriet\u00e0 intellettuale di qualsiasi parte o i presenti Termini e condizioni del servizio.<\/p><p>Accetti di evitare commenti che ledano i diritti di terze parti, tra cui copyright, marchi commerciali, diritto alla privacy, diritti della personalit\u00e0 e altri diritti reali o personali. Inoltre accetti di non inviare commenti che contengano materiale diffamatorio o altrimenti illegale, offensivo o osceno, oppure virus informatici o altri malware che rischiano di compromettere il funzionamento del Servizio o di qualsiasi sito web correlato. Non potrai utilizzare un indirizzo email falso, fingere di essere qualcun altro o altrimenti fuorviare noi o terze parti sull&#8217;origine di eventuali commenti. Sei l&#8217;unico responsabile dei commenti che invii e della loro accuratezza. Non ci assumiamo e non avremo alcuna responsabilit\u00e0 per eventuali commenti pubblicati da te o da terze parti.<\/p><h2>Sezione 7 &#8211; Informazioni personali<\/h2><p>L&#8217;invio di informazioni personali attraverso il negozio \u00e8 regolato dalla nostra Informativa sulla privacy. Clicca qui per visualizzare la nostra Informativa sulla privacy.<\/p><h2>Sezione 8 &#8211; Errori, inesattezze, e omissioni<\/h2><p>Occasionalmente possono essere presenti sul nostro sito o nel Servizio informazioni contenenti errori tipografici, inesattezze e omissioni riguardanti descrizioni di servizi. Ci riserviamo il diritto di correggere eventuali errori, inesattezze e omissioni modificando e aggiornando le informazioni, se qualsiasi informazione nel Servizio o su un sito web correlato dovesse essere inaccurata, in ogni momento (anche dopo l&#8217;invio dell&#8217;ordine) e senza alcun preavviso.<\/p><p>Non ci assumiamo alcun obbligo di aggiornare, correggere o chiarire le informazioni nel Servizio o in qualsiasi sito web correlato, incluse senza limitazioni le informazioni sui prezzi, salvo quanto previsto dalla legge. Nessuna data di aggiornamento specificata nel Servizio o in qualsiasi sito web correlato dovr\u00e0 essere interpretata come garanzia che tutte le informazioni nel Servizio o in qualsiasi sito web correlato siano state corrette e aggiornate.<\/p><h2>Sezione 9 &#8211; Usi proibiti<\/h2><p>Oltre agli altri divieti stabiliti nei Termini e condizioni del servizio, \u00e8 vietato utilizzare il sito o il suo contenuto: (a) per scopi illegali; (b) per indurre altri a compiere o partecipare ad atti illeciti; (c) per violare leggi e regolamenti internazionali, federali, provinciali o statali, o ordinanze locali; (d) per ledere o violare i diritti di propriet\u00e0 intellettuale nostri o di terzi; (e) per molestare, abusare, insultare, danneggiare, diffamare, calunniare, denigrare, intimidire o discriminare qualcuno in base a sesso, orientamento sessuale, religione, etnia, et\u00e0, paese di origine o disabilit\u00e0; (f) per fornire informazioni false o fuorvianti; (g) per caricare o trasmettere virus o qualsiasi altro tipo di codice dannoso idoneo a influire sulla funzionalit\u00e0 o sul funzionamento del Servizio, di qualsiasi sito web correlato, di altri siti web o di internet; (h) per raccogliere o monitorare le informazioni personali di altri utenti; (i) per spam, phishing, pharming, pretexting, uso di spider, crawling o scraping; (j) per qualsiasi scopo osceno o immorale; oppure (k) per intralciare o aggirare le funzionalit\u00e0 di sicurezza del Servizio o di qualsiasi sito web correlato, di altri siti web o di internet. Ci riserviamo il diritto di interrompere il tuo utilizzo del Servizio o di qualsiasi sito web correlato se violi una qualsiasi delle disposizioni sugli usi proibiti.<\/p><h2>Sezione 10 &#8211; Esclusione di garanzie; Limitazione di responsabilit\u00e0<\/h2><p>In nessun caso Bel Poggio 2017 srl e i suoi amministratori, dirigenti, dipendenti, affiliati, agenti, appaltatori, stagisti, fornitori, fornitori di servizi o concessori di licenza saranno responsabili per qualsiasi pregiudizio, perdita, reclamo o per un danno diretto, indiretto, incidentale, punitivo, speciale o consequenziale di qualsiasi tipo \u2014 inclusi senza limitazione profitti persi, mancati guadagni, risparmi persi, perdita di dati, costi di sostituzione o altri danni simili, in virt\u00f9 di contratto, illecito civile (anche dovuto a negligenza), responsabilit\u00e0 oggettiva o altro \u2014 derivante dall&#8217;utilizzo di uno qualsiasi dei servizi ottenuti utilizzando il servizio, n\u00e9 per qualsiasi altro reclamo relativo comunque all&#8217;utilizzo del servizio, compresi, a titolo esemplificativo ma non esaustivo, eventuali errori o omissioni nei contenuti, perdite e danni di qualsiasi genere legati all&#8217;uso del servizio o di qualsiasi contenuto pubblicato, trasmesso o reso altrimenti disponibile attraverso il servizio, anche se informati di tale eventualit\u00e0.<\/p><p>Poich\u00e9 alcuni stati o giurisdizioni non consentono l&#8217;esclusione o la limitazione di responsabilit\u00e0 per danni conseguenti o incidentali, in tali stati o giurisdizioni la nostra responsabilit\u00e0 sar\u00e0 limitata fino al limite massimo consentito dalla legge.<\/p><h2>Sezione 11 &#8211; Separabilit\u00e0<\/h2><p>Nel caso in cui una qualsiasi disposizione dei presenti Termini e condizioni del servizio sia ritenuta illegale, nulla o inapplicabile, tale disposizione sar\u00e0 comunque applicabile nella misura massima consentita dalla legge vigente e la parte inapplicabile sar\u00e0 considerata scissa dai presenti Termini e condizioni del servizio, senza pregiudizio per la validit\u00e0 e l&#8217;applicabilit\u00e0 delle disposizioni rimanenti.<\/p><h2>Sezione 12 &#8211; Risoluzione<\/h2><p>Gli obblighi e le responsabilit\u00e0 assunti dalle parti prima della data di cessazione sopravvivranno a tutti gli effetti alla risoluzione del presente accordo.<\/p><p>I presenti Termini e condizioni del servizio saranno efficaci fino al recesso da parte tua o nostra. Potrai risolvere i presenti Termini e condizioni del servizio in qualsiasi momento informandoci che non desideri pi\u00f9 utilizzare i nostri Servizi, o interrompendo l&#8217;utilizzo del nostro sito.<\/p><p>Inoltre, se a nostro insindacabile giudizio tu violi o sospettiamo che abbia violato una qualsiasi disposizione dei presenti Termini e condizioni del servizio, potremo risolvere il presente accordo in qualsiasi momento senza preavviso e tu resterai responsabile per tutte le somme dovute fino alla data di cessazione inclusa; di conseguenza potremo negarti l&#8217;accesso ai Servizi (o a una qualsiasi parte di essi).<\/p><h2>Sezione 13 &#8211; Intero accordo<\/h2><p>Il mancato esercizio o applicazione di qualsiasi diritto o disposizione dei presenti Termini e condizioni del servizio non costituir\u00e0 una rinuncia a tale diritto o disposizione.<\/p><p>I presenti Termini e condizioni del servizio e le eventuali informative o regole operative pubblicate da noi su questo sito o in relazione al Servizio costituiscono l&#8217;intero accordo e intesa tra te e noi e disciplinano l&#8217;utilizzo del Servizio da parte tua, sostituendo qualsiasi accordo, comunicazione e proposta precedente o contemporanea, sia orale che scritta, tra te e noi (incluse, senza limitazione, eventuali versioni precedenti dei Termini e condizioni del servizio).<\/p><p>Eventuali ambiguit\u00e0 nell&#8217;interpretazione dei presenti Termini e condizioni del servizio non dovranno essere interpretate contro la parte scrivente.<\/p><h2>Sezione 14 &#8211; Legge applicabile<\/h2><p>I presenti Termini e condizioni del servizio e gli eventuali accordi separati in base ai quali ti forniamo i Servizi saranno regolati e interpretati in conformit\u00e0 con le leggi vigenti in Italia.<\/p><h2>Sezione 15 &#8211; Modifiche ai termini e condizioni del servizio<\/h2><p>Puoi consultare la versione pi\u00f9 aggiornata dei Termini e condizioni del servizio in qualsiasi momento su questa pagina.<\/p><p>Ci riserviamo il diritto a nostra esclusiva discrezione di aggiornare, modificare o sostituire qualsiasi parte dei presenti Termini e condizioni del servizio pubblicando aggiornamenti e modifiche sul nostro sito web. \u00c8 tua responsabilit\u00e0 controllare periodicamente la presenza di modifiche nel nostro sito web. La prosecuzione dell&#8217;uso o dell&#8217;accesso al sito web o al Servizio dopo la pubblicazione di eventuali modifiche ai presenti Termini e condizioni del servizio costituisce accettazione di tali modifiche.<\/p><h2>Sezione 16 &#8211; Contatti<\/h2><p>Eventuali domande relative ai Termini e condizioni del servizio dovranno esserci inviate all&#8217;indirizzo info@villamutibussi.com.<\/p>\t\t\t\t\t\t\t\t<\/div>\n\t\t\t\t<\/div>\n\t\t\t\t\t<\/div>\n\t\t\t\t<\/div>\n\t\t\t\t<\/div>\n\t\t\t\t<\/div>","protected":false},"excerpt":{"rendered":"<p>Termini e Condizioni Panoramica Questo sito web \u00e8 gestito da Bel Poggio 2017 srl. I termini \u201cnoi\u201d e \u201cnostro\u201d all&#8217;interno del sito si riferiscono a Bel Poggio 2017 srl. Noi ti offriamo questo sito web con tutte le informazioni, gli strumenti e i servizi in esso disponibili a condizione che tu, in qualit\u00e0 di utente, [&hellip;]<\/p>\n","protected":false},"author":2,"featured_media":0,"parent":0,"menu_order":0,"comment_status":"closed","ping_status":"closed","template":"","meta":{"slim_seo":{"title":"Termini e Condizioni - Villa Muti Bussi","description":"Termini e Condizioni Panoramica Questo sito web \u00e8 gestito da Bel Poggio 2017 srl. I termini \u201cnoi\u201d e \u201cnostro\u201d all'interno del sito si riferiscono a Bel Poggio 20"},"footnotes":""},"class_list":["post-136","page","type-page","status-publish","hentry"],"_links":{"self":[{"href":"https:\/\/villamutibussi.com\/en\/wp-json\/wp\/v2\/pages\/136","targetHints":{"allow":["GET"]}}],"collection":[{"href":"https:\/\/villamutibussi.com\/en\/wp-json\/wp\/v2\/pages"}],"about":[{"href":"https:\/\/villamutibussi.com\/en\/wp-json\/wp\/v2\/types\/page"}],"author":[{"embeddable":true,"href":"https:\/\/villamutibussi.com\/en\/wp-json\/wp\/v2\/users\/2"}],"replies":[{"embeddable":true,"href":"https:\/\/villamutibussi.com\/en\/wp-json\/wp\/v2\/comments?post=136"}],"version-history":[{"count":6,"href":"https:\/\/villamutibussi.com\/en\/wp-json\/wp\/v2\/pages\/136\/revisions"}],"predecessor-version":[{"id":1783,"href":"https:\/\/villamutibussi.com\/en\/wp-json\/wp\/v2\/pages\/136\/revisions\/1783"}],"wp:attachment":[{"href":"https:\/\/villamutibussi.com\/en\/wp-json\/wp\/v2\/media?parent=136"}],"curies":[{"name":"wp","href":"https:\/\/api.w.org\/{rel}","templated":true}]}}